{"id":85,"date":"2016-09-11T16:58:13","date_gmt":"2016-09-11T15:58:13","guid":{"rendered":"http:\/\/produktion.wagfors.se\/?page_id=85"},"modified":"2017-01-22T19:23:46","modified_gmt":"2017-01-22T18:23:46","slug":"produktion","status":"publish","type":"page","link":"https:\/\/produktion.wagfors.se\/index.php\/produktion\/","title":{"rendered":"Produktion av elektroniska produkter"},"content":{"rendered":"<header class=\"entry-header\">\n<h2 class=\"entry-title\">Produktion av elektroniska produkter<\/h2>\n<\/header>\n<div class=\"entry-content\">\n<h3><strong>L\u00e5ngt samarbete med v\u00e5ra produktionspartners \u00e4r nyckeln till v\u00e5r framg\u00e5ng.<\/strong><\/h3>\n<p>Wagfors har b\u00e5de sm\u00e5 och\u00a0stora produktionsresurser runt om i v\u00e4rlden och\u00a0l\u00e5ng erfarenhet.<br \/>\nMed olika inriktning och olika specialiteter kompletterar de moderna anl\u00e4ggningar varandra.<br \/>\nAlla produktionsst\u00e4llena kan erbjuda h\u00f6gkvalitativ tillverkning av elektronik och elektromekanik.<br \/>\nGenom en v\u00e4l genomt\u00e4nkt produktionsstrategi utnyttjas de olika enheternas specialiteter p\u00e5 ett f\u00f6r kunden optimalt s\u00e4tt.<\/p>\n<h3><strong>Det h\u00e4r kan vi erbjuda er:<\/strong><\/h3>\n<ul>\n<li>Prototyper, f\u00f6rserieproduktion, serieproduktion, kretskort, mekatronik, boxbuilt.<\/li>\n<li>Ytmontering, h\u00e5lmontering, kretskortstv\u00e4tt, ingjutning, lackering, slutmontering.<\/li>\n<li>3D AOI, ICT, ATE, burn in, sluttest.<\/li>\n<\/ul>\n<h3>M\u00e5let \u00e4r att skapa ett s\u00e5 n\u00e4ra samarbete att ni ser oss som er egen produktionsavdelning.<\/h3>\n<p>Tj\u00e4nster som vi erbjuder via v\u00e5ra partners:<\/p>\n<p><span id=\"result_box\" class=\"\" lang=\"sv\"><span title=\"SMT Assembly \u00a0\u00a0\u00a0\u00a0\"><strong>SMT-montering<\/strong><\/span><\/span><\/p>\n<ul>\n<li><span id=\"result_box\" class=\"\" lang=\"sv\"><span title=\"2 SMT lines with screen printer, glue dispenser and modern UNIVERSAL assembly machines \u00a0\u00a0\u00a0\u00a0\">SMT linjer med screentryckare, limdispenser och moderna UNIVERSAL monteringsmaskiner<br \/>\n<\/span><\/span><\/li>\n<li><span id=\"result_box\" class=\"\" lang=\"sv\"><span title=\"Assembly of chips 0603mm(0201), BGA\/CSP, MELF, QFP, etc. \">Montering av chips 0603mm (0201), BGA \/ CSP, MELF, QFP etc.<br \/>\n<\/span><\/span><\/li>\n<\/ul>\n<p><span id=\"result_box\" class=\"\" lang=\"sv\"><span title=\"THT Assembly \u00a0\u00a0\u00a0\u00a0\"><strong><span title=\"SMT Assembly \u00a0\u00a0\u00a0\u00a0\">H\u00e5lmontering<\/span><\/strong><\/span><\/span><\/p>\n<ul>\n<li><span id=\"result_box\" class=\"\" lang=\"sv\"><span title=\"Automatic UNIVERSAL 8 axial and radial insertion machines (jumper-wire included) allows to minimize manual placement and assemble through hole components in efficient way. \">Automatisk UNIVERSAL 8 axiella och radiella monteringsmaskiner g\u00f6r det m\u00f6jligt att minimera<br \/>\n<\/span><\/span><span id=\"result_box\" class=\"\" lang=\"sv\"><span title=\"Automatic UNIVERSAL 8 axial and radial insertion machines (jumper-wire included) allows to minimize manual placement and assemble through hole components in efficient way. \">manuell placering och montera genomg\u00e5ende h\u00e5lkomponenter p\u00e5 ett effektivt s\u00e4tt.<br \/>\n<\/span><\/span><\/li>\n<\/ul>\n<p><span id=\"result_box\" class=\"\" lang=\"sv\"><span title=\"Manual Assembly &amp; Soldering \u00a0\u00a0\u00a0\u00a0\"><strong>Manuell montering &amp; l\u00f6dning<\/strong><\/span><\/span><\/p>\n<ul>\n<li><span id=\"result_box\" class=\"\" lang=\"sv\"><span title=\"Manual assembly lines with many different working places \u00a0\u00a0\u00a0\u00a0\">Manuella monteringslinjer med m\u00e5nga olika arbetsplatser<\/span><\/span><\/li>\n<li><span id=\"result_box\" class=\"\" lang=\"sv\"><span title=\"Wave soldering machines and manual soldering as well \u00a0\u00a0\u00a0\u00a0\">V\u00e5gl\u00f6dningsmaskiner och manuell l\u00f6dning<\/span><\/span><\/li>\n<li><span id=\"result_box\" class=\"\" lang=\"sv\"><span title=\"No-clean process with environmental friendly soldering fluxes (VOC-free) \u00a0\u00a0\u00a0\u00a0\">\u201cNo-clean process\u201d med milj\u00f6v\u00e4nliga l\u00f6dningsfl\u00f6den (VOC-fri)<\/span><\/span><\/li>\n<li><span id=\"result_box\" class=\"\" lang=\"sv\"><span title=\"Lead-free process support and soldering with lead for special production available \">Blyfri process och l\u00f6dning med bly f\u00f6r specialproduktion finns att tillg\u00e5<br \/>\n<\/span><\/span><span id=\"result_box\" class=\"\" lang=\"sv\"><\/span><\/li>\n<\/ul>\n<p><span id=\"result_box\" class=\"\" lang=\"sv\"><span title=\"ICT \/ FCT Testing \u00a0\u00a0\u00a0\u00a0\"><strong>ICT\/FCT-testning<\/strong><\/span><\/span><\/p>\n<ul>\n<li><span id=\"result_box\" class=\"\" lang=\"sv\"><span title=\"ICT \/ FCT testers based on SPEA, Philips MDA and FLUKE systems \u00a0\u00a0\u00a0\u00a0\">ICT\/FCT-testare baserade p\u00e5 SPEA, Philips MDA och FLUKE-system<\/span><\/span><\/li>\n<li><span id=\"result_box\" class=\"\" lang=\"sv\"><span title=\"Test fixtures and programs developed by own test department or transferred from Customers \">Testfixturer och program som utvecklats av egen testavdelning eller \u00f6verf\u00f6rts fr\u00e5n kund<\/span><\/span><\/li>\n<\/ul>\n<p><span id=\"result_box\" class=\"\" lang=\"sv\"><span title=\"Final assembly \u00a0\u00a0\u00a0\u00a0\"><strong>Slutmontering<\/strong><\/span><\/span><\/p>\n<ul>\n<li><span id=\"result_box\" class=\"\" lang=\"sv\"><span title=\"Customer or product specific final assembly workplaces \u00a0\u00a0\u00a0\u00a0\">Kund- eller produktspecifik slutmontering<br \/>\n<\/span><\/span><\/li>\n<li><span id=\"result_box\" class=\"\" lang=\"sv\"> <span title=\"Special tools and jig's to enable mistake-proof assembly process and efficient material flow\">Specialverktyg och jiggs f\u00f6r s\u00e4ker och felfri montering och effektivt materialfl\u00f6de<\/span><\/span><\/li>\n<\/ul>\n<div id=\"gt-src-c\" class=\"g-unit\">\n<div id=\"gt-src-p\">\n<div id=\"gt-src-wrap\" class=\"\"><span id=\"result_box\" class=\"\" lang=\"sv\"><strong><span class=\"hps\">Tillverknings<\/span><span class=\"hps\">standarder<\/span>:<\/strong><br \/>\n<\/span><\/p>\n<ul>\n<li dir=\"ltr\"><span id=\"result_box\" class=\"\" lang=\"sv\"><span class=\"hps\">IPC<\/span><span class=\"atn\">\u2013<\/span><span class=\"\">A<\/span><span class=\"atn\">\u2013<\/span><span class=\"\">610<\/span>\u00a0E<span class=\"hps\">lektronikmontering<\/span><\/span><\/li>\n<li dir=\"ltr\"><span id=\"result_box\" class=\"\" lang=\"sv\"><span class=\"hps\">IPC<\/span><span class=\"atn\">\u2013<\/span>A<span class=\"atn\">\u2013<\/span><span class=\"\">600<\/span> <span class=\"hps\">M<\/span><span class=\"hps\">\u00f6nsterkort<\/span><\/span><\/li>\n<li dir=\"ltr\"><span id=\"result_box\" class=\"\" lang=\"sv\"><span class=\"hps\">IPC<\/span> <span class=\"hps\">\/<\/span> <span class=\"hps\">WHMA<\/span><span class=\"atn\">\u2013<\/span>A<span class=\"atn\">\u2013<\/span><span class=\"\">620<\/span> <span class=\"hps\">Kabel och kabelstam<\/span><br \/>\n<\/span><\/li>\n<\/ul>\n<p><strong><span id=\"result_box\" class=\"\" lang=\"sv\"><span class=\"hps\">Kvalitetsverktyg<\/span> <span class=\"hps\">och<\/span> <span class=\"hps\">metoder:<\/span><\/span><\/strong><\/p>\n<ul>\n<li><span id=\"result_box\" class=\"\" lang=\"sv\"><span class=\"hps\">8D<\/span><\/span><\/li>\n<li><span id=\"result_box\" class=\"\" lang=\"sv\"><span class=\"hps\">Kontroll<\/span>planer<\/span><\/li>\n<li><span id=\"result_box\" class=\"\" lang=\"sv\"><span class=\"hps\">Fl\u00f6desschema<\/span><\/span><\/li>\n<li><span id=\"result_box\" class=\"\" lang=\"sv\"><span class=\"hps\">FMEA<\/span><\/span><\/li>\n<li><span id=\"result_box\" class=\"\" lang=\"sv\"><span class=\"hps\">PPAP<\/span><\/span><\/li>\n<\/ul>\n<\/div>\n<\/div>\n<\/div>\n<\/div>\n","protected":false},"excerpt":{"rendered":"<p>Produktion av elektroniska produkter L\u00e5ngt samarbete med v\u00e5ra produktionspartners \u00e4r nyckeln till v\u00e5r framg\u00e5ng. Wagfors har b\u00e5de sm\u00e5 och\u00a0stora produktionsresurser runt om i v\u00e4rlden och\u00a0l\u00e5ng erfarenhet. Med olika inriktning och olika specialiteter kompletterar de moderna anl\u00e4ggningar varandra. Alla produktionsst\u00e4llena kan erbjuda h\u00f6gkvalitativ tillverkning av elektronik och elektromekanik. Genom en v\u00e4l genomt\u00e4nkt produktionsstrategi utnyttjas de olika<br \/><a class=\"moretag\" href=\"https:\/\/produktion.wagfors.se\/index.php\/produktion\/\">+ Read More<\/a><\/p>\n","protected":false},"author":1,"featured_media":0,"parent":0,"menu_order":0,"comment_status":"closed","ping_status":"closed","template":"template_parts\/page-nocontent_template.php","meta":[],"_links":{"self":[{"href":"https:\/\/produktion.wagfors.se\/index.php\/wp-json\/wp\/v2\/pages\/85"}],"collection":[{"href":"https:\/\/produktion.wagfors.se\/index.php\/wp-json\/wp\/v2\/pages"}],"about":[{"href":"https:\/\/produktion.wagfors.se\/index.php\/wp-json\/wp\/v2\/types\/page"}],"author":[{"embeddable":true,"href":"https:\/\/produktion.wagfors.se\/index.php\/wp-json\/wp\/v2\/users\/1"}],"replies":[{"embeddable":true,"href":"https:\/\/produktion.wagfors.se\/index.php\/wp-json\/wp\/v2\/comments?post=85"}],"version-history":[{"count":16,"href":"https:\/\/produktion.wagfors.se\/index.php\/wp-json\/wp\/v2\/pages\/85\/revisions"}],"predecessor-version":[{"id":209,"href":"https:\/\/produktion.wagfors.se\/index.php\/wp-json\/wp\/v2\/pages\/85\/revisions\/209"}],"wp:attachment":[{"href":"https:\/\/produktion.wagfors.se\/index.php\/wp-json\/wp\/v2\/media?parent=85"}],"curies":[{"name":"wp","href":"https:\/\/api.w.org\/{rel}","templated":true}]}}