{"id":81,"date":"2016-09-11T16:56:29","date_gmt":"2016-09-11T15:56:29","guid":{"rendered":"http:\/\/produktion.wagfors.se\/?page_id=81"},"modified":"2017-01-22T19:22:48","modified_gmt":"2017-01-22T18:22:48","slug":"om-oss","status":"publish","type":"page","link":"https:\/\/produktion.wagfors.se\/index.php\/om-oss\/","title":{"rendered":"Om Oss"},"content":{"rendered":"<h1>Vision, fokus\u00a0och strategi<\/h1>\n<div id=\"fieldContainer\" class=\"fieldContainer\">\n<h2>Vision<\/h2>\n<p>Att g\u00f6ra utveckling och produktion enkel och kostnadseffektiv f\u00f6r v\u00e5ra kunder.<\/p>\n<h2>Fokus<\/h2>\n<p>F\u00f6retagets strategi bygger p\u00e5 dess styrkor och m\u00f6jligheter att utnyttja trender som p\u00e5verkar den tekniska industrin.<\/p>\n<p>V\u00e5rt m\u00e5l \u00e4r organisk tillv\u00e4xt baserad p\u00e5 f\u00f6ljande fokuspunkter i aff\u00e4rsverksamheten:<\/p>\n<ul>\n<li><strong>Nyckelkunders tillv\u00e4xt<\/strong><\/li>\n<li><strong>Oms\u00e4ttningstillv\u00e4xt genom tj\u00e4nster med h\u00f6gt merv\u00e4rde<\/strong><\/li>\n<li><strong>Utveckling av och tillv\u00e4xt i IoT tj\u00e4nster<\/strong><\/li>\n<\/ul>\n<h2>Strategi<\/h2>\n<p><strong> Kundfokus:<\/strong> L\u00e5ngvariga och f\u00f6rtroendefulla kundrelationer samt att ut\u00f6ka befintliga kundrelationer genom att erbjuda st\u00f6rre och mer omfattande helhets\u00e5taganden.<\/p>\n<p>&nbsp;<\/p>\n<h2><\/h2>\n<\/div>\n","protected":false},"excerpt":{"rendered":"<p>Vision, fokus\u00a0och strategi Vision Att g\u00f6ra utveckling och produktion enkel och kostnadseffektiv f\u00f6r v\u00e5ra kunder. Fokus F\u00f6retagets strategi bygger p\u00e5 dess styrkor och m\u00f6jligheter att utnyttja trender som p\u00e5verkar den tekniska industrin. V\u00e5rt m\u00e5l \u00e4r organisk tillv\u00e4xt baserad p\u00e5 f\u00f6ljande fokuspunkter i aff\u00e4rsverksamheten: Nyckelkunders tillv\u00e4xt Oms\u00e4ttningstillv\u00e4xt genom tj\u00e4nster med h\u00f6gt merv\u00e4rde Utveckling av och tillv\u00e4xt<br \/><a class=\"moretag\" href=\"https:\/\/produktion.wagfors.se\/index.php\/om-oss\/\">+ Read More<\/a><\/p>\n","protected":false},"author":1,"featured_media":0,"parent":0,"menu_order":0,"comment_status":"closed","ping_status":"closed","template":"","meta":[],"_links":{"self":[{"href":"https:\/\/produktion.wagfors.se\/index.php\/wp-json\/wp\/v2\/pages\/81"}],"collection":[{"href":"https:\/\/produktion.wagfors.se\/index.php\/wp-json\/wp\/v2\/pages"}],"about":[{"href":"https:\/\/produktion.wagfors.se\/index.php\/wp-json\/wp\/v2\/types\/page"}],"author":[{"embeddable":true,"href":"https:\/\/produktion.wagfors.se\/index.php\/wp-json\/wp\/v2\/users\/1"}],"replies":[{"embeddable":true,"href":"https:\/\/produktion.wagfors.se\/index.php\/wp-json\/wp\/v2\/comments?post=81"}],"version-history":[{"count":17,"href":"https:\/\/produktion.wagfors.se\/index.php\/wp-json\/wp\/v2\/pages\/81\/revisions"}],"predecessor-version":[{"id":225,"href":"https:\/\/produktion.wagfors.se\/index.php\/wp-json\/wp\/v2\/pages\/81\/revisions\/225"}],"wp:attachment":[{"href":"https:\/\/produktion.wagfors.se\/index.php\/wp-json\/wp\/v2\/media?parent=81"}],"curies":[{"name":"wp","href":"https:\/\/api.w.org\/{rel}","templated":true}]}}