{"id":102,"date":"2016-09-12T09:05:53","date_gmt":"2016-09-12T08:05:53","guid":{"rendered":"http:\/\/produktion.wagfors.se\/?page_id=102"},"modified":"2018-03-05T11:51:51","modified_gmt":"2018-03-05T10:51:51","slug":"core-5","status":"publish","type":"page","link":"https:\/\/produktion.wagfors.se\/index.php\/core-5\/","title":{"rendered":"V\u00e5rt koncept CORE 5"},"content":{"rendered":"<p><img loading=\"lazy\" class=\"wp-image-254 alignright\" title=\"V\u00e5rt koncept CORE 5\" src=\"http:\/\/produktion.wagfors.se\/wp-content\/uploads\/2018\/03\/info-art-rev5-300x300.png\" alt=\"\" width=\"700\" height=\"700\" srcset=\"https:\/\/produktion.wagfors.se\/wp-content\/uploads\/2018\/03\/info-art-rev5-300x300.png 300w, https:\/\/produktion.wagfors.se\/wp-content\/uploads\/2018\/03\/info-art-rev5-150x150.png 150w, https:\/\/produktion.wagfors.se\/wp-content\/uploads\/2018\/03\/info-art-rev5-768x768.png 768w, https:\/\/produktion.wagfors.se\/wp-content\/uploads\/2018\/03\/info-art-rev5-1024x1024.png 1024w\" sizes=\"(max-width: 700px) 100vw, 700px\" \/><\/p>\n<h2>V\u00e5rt koncept CORE 5 \u00e4r ett helhetskoncept f\u00f6r optimal utveckling, certifiering och\u00a0produktion av elektronik.<\/h2>\n<p>Anv\u00e4nd v\u00e5ra tj\u00e4nster genom hela v\u00e4rdekedjan eller bara delar just ni beh\u00f6ver hj\u00e4lp med. Wagfors produktionspartners kan vi leverera alltifr\u00e5n enskilda PCB\u00b4s, moduler och boxbuilt l\u00f6sningar. Korta beslutsv\u00e4gar och b\u00e4sta m\u00f6jliga ledtider, skapas en flexibel produktion f\u00f6r kundens behov. Wagfors kvalitetst\u00e4nkande garanterar en j\u00e4mn och h\u00f6g kvalitet p\u00e5 samtliga produkter fr\u00e5n utveckling till\u00a0produktion.<\/p>\n<p>&nbsp;<\/p>\n<p>&nbsp;<\/p>\n","protected":false},"excerpt":{"rendered":"<p>V\u00e5rt koncept CORE 5 \u00e4r ett helhetskoncept f\u00f6r optimal utveckling, certifiering och\u00a0produktion av elektronik. Anv\u00e4nd v\u00e5ra tj\u00e4nster genom hela v\u00e4rdekedjan eller bara delar just ni beh\u00f6ver hj\u00e4lp med. Wagfors produktionspartners kan vi leverera alltifr\u00e5n enskilda PCB\u00b4s, moduler och boxbuilt l\u00f6sningar. Korta beslutsv\u00e4gar och b\u00e4sta m\u00f6jliga ledtider, skapas en flexibel produktion f\u00f6r kundens behov. Wagfors kvalitetst\u00e4nkande<br \/><a class=\"moretag\" href=\"https:\/\/produktion.wagfors.se\/index.php\/core-5\/\">+ Read More<\/a><\/p>\n","protected":false},"author":1,"featured_media":0,"parent":0,"menu_order":0,"comment_status":"closed","ping_status":"closed","template":"","meta":[],"_links":{"self":[{"href":"https:\/\/produktion.wagfors.se\/index.php\/wp-json\/wp\/v2\/pages\/102"}],"collection":[{"href":"https:\/\/produktion.wagfors.se\/index.php\/wp-json\/wp\/v2\/pages"}],"about":[{"href":"https:\/\/produktion.wagfors.se\/index.php\/wp-json\/wp\/v2\/types\/page"}],"author":[{"embeddable":true,"href":"https:\/\/produktion.wagfors.se\/index.php\/wp-json\/wp\/v2\/users\/1"}],"replies":[{"embeddable":true,"href":"https:\/\/produktion.wagfors.se\/index.php\/wp-json\/wp\/v2\/comments?post=102"}],"version-history":[{"count":22,"href":"https:\/\/produktion.wagfors.se\/index.php\/wp-json\/wp\/v2\/pages\/102\/revisions"}],"predecessor-version":[{"id":255,"href":"https:\/\/produktion.wagfors.se\/index.php\/wp-json\/wp\/v2\/pages\/102\/revisions\/255"}],"wp:attachment":[{"href":"https:\/\/produktion.wagfors.se\/index.php\/wp-json\/wp\/v2\/media?parent=102"}],"curies":[{"name":"wp","href":"https:\/\/api.w.org\/{rel}","templated":true}]}}